{"id":1173,"date":"2019-11-18T11:21:00","date_gmt":"2019-11-18T10:21:00","guid":{"rendered":"https:\/\/www.pack-verde.com\/blog\/?page_id=1173"},"modified":"2024-04-08T10:56:37","modified_gmt":"2024-04-08T08:56:37","slug":"impressum","status":"publish","type":"page","link":"https:\/\/www.pack-verde.com\/blog\/at\/impressum\/","title":{"rendered":"Impressum"},"content":{"rendered":"<div class=\"wpb-content-wrapper\"><p>[vc_row][vc_column][vc_column_text]<\/p>\n<h2 class=\"wp-block-heading\">Offenlegung gem\u00e4\u00df ECG \u2013 packVerde<\/h2>\n\n\n<h3 class=\"wp-block-heading\">Anschrift<\/h3>\n\n<p><strong>packVerde<\/strong><\/p>\n\n<p>ein Gesch\u00e4ftsbereich der\u00a0<strong>MEDEWO GmbH<br \/><\/strong>Vertretungsberechtigt: Michael Villiger<\/p>\n\n<p>Gewerbepark Mauer 26<br \/>4702 Wallern<br \/>\u00d6sterreich<\/p>\n\n\n<h3 class=\"wp-block-heading\">Kontakt<\/h3>\n\n<p>E-Mail:\u00a0<a href=\"mailto:office@medewo.de\">office@pack-verde.com<\/a><br \/>Internet:\u00a0<a href=\"https:\/\/www.pack-verde.com\/\">www.pack-verde.com<\/a><\/p>\n\n\n<h3 class=\"wp-block-heading\">Rechtliches<\/h3>\n\n<p>USt-IdNr.: ATU67218049<\/p>\n\n<p>Registergericht: Landesgericht Wels<br \/>Handelsregister Registernummer: 380635 h<\/p>\n\n<p>Inhaltlich Verantwortlicher gem\u00e4\u00df \u00a7 55 Rundfunkstaatsvertrag:<br \/>Michael Villiger, Wallern<\/p>\n\n<p>Infos, Datenausk\u00fcnfte und Beschwerden richten Sie bitte an:\u00a0<a href=\"mailto:office@medewo.de\">office@pack-verde.com<\/a><\/p>\n\n<p>Die auf dieser Webseite bereitgestellten Informationen werden durch MEDEWO sorgf\u00e4ltig gepr\u00fcft und regelm\u00e4\u00dfig aktualisiert. Dennoch kann MEDEWO keine Haftung oder Garantie f\u00fcr die Aktualit\u00e4t, Richtigkeit und Vollst\u00e4ndigkeit der zur Verf\u00fcgung gestellten Informationen und Software \u00fcbernehmen. Gleiches gilt auch f\u00fcr den Inhalt der Websites, auf die mittels Hyperlink verwiesen wird. Die MEDEWO ist f\u00fcr den Inhalt der Websites, die aufgrund einer solchen Verbindung erreicht werden, nicht verantwortlich. Die Vervielf\u00e4ltigung von Informationen und Daten, insbesondere die Verwendung von Bilddaten, Texten und Textteilen bedarf der vorherigen Zustimmung der MEDEWO<\/p>\n\n<p>&nbsp;<\/p>\n<p>[\/vc_column_text][\/vc_column][\/vc_row]<\/p>\n<\/div>","protected":false},"excerpt":{"rendered":"<p>[vc_row][vc_column][vc_column_text] Offenlegung gem\u00e4\u00df ECG \u2013 packVerde Anschrift packVerde ein Gesch\u00e4ftsbereich der\u00a0MEDEWO GmbHVertretungsberechtigt: Michael Villiger Gewerbepark Mauer 264702 Wallern\u00d6sterreich Kontakt E-Mail:\u00a0office@pack-verde.comInternet:\u00a0www.pack-verde.com Rechtliches USt-IdNr.: ATU67218049 Registergericht: Landesgericht WelsHandelsregister Registernummer: 380635 h Inhaltlich Verantwortlicher gem\u00e4\u00df \u00a7 55 Rundfunkstaatsvertrag:Michael Villiger, Wallern Infos, Datenausk\u00fcnfte und Beschwerden richten Sie bitte an:\u00a0office@pack-verde.com Die auf dieser Webseite bereitgestellten Informationen werden durch MEDEWO sorgf\u00e4ltig&hellip;<\/p>\n","protected":false},"author":1,"featured_media":0,"parent":0,"menu_order":0,"comment_status":"closed","ping_status":"closed","template":"","meta":{"footnotes":""},"class_list":["post-1173","page","type-page","status-publish","hentry","description-off"],"yoast_head":"<!-- This site is optimized with the Yoast SEO plugin v27.4 - https:\/\/yoast.com\/product\/yoast-seo-wordpress\/ -->\n<title>Impressum - packVerde<\/title>\n<meta name=\"robots\" content=\"index, follow, max-snippet:-1, max-image-preview:large, max-video-preview:-1\" \/>\n<link rel=\"canonical\" href=\"https:\/\/www.pack-verde.com\/blog\/at\/impressum\/\" \/>\n<meta property=\"og:locale\" content=\"de_DE\" \/>\n<meta property=\"og:type\" content=\"article\" \/>\n<meta property=\"og:title\" content=\"Impressum - packVerde\" \/>\n<meta property=\"og:description\" content=\"[vc_row][vc_column][vc_column_text] Offenlegung gem\u00e4\u00df ECG \u2013 packVerde Anschrift packVerde ein Gesch\u00e4ftsbereich der\u00a0MEDEWO GmbHVertretungsberechtigt: Michael Villiger Gewerbepark Mauer 264702 Wallern\u00d6sterreich Kontakt E-Mail:\u00a0office@pack-verde.comInternet:\u00a0www.pack-verde.com Rechtliches USt-IdNr.: ATU67218049 Registergericht: Landesgericht WelsHandelsregister Registernummer: 380635 h Inhaltlich Verantwortlicher gem\u00e4\u00df \u00a7 55 Rundfunkstaatsvertrag:Michael Villiger, Wallern Infos, Datenausk\u00fcnfte und Beschwerden richten Sie bitte an:\u00a0office@pack-verde.com Die auf dieser Webseite bereitgestellten Informationen werden durch MEDEWO sorgf\u00e4ltig&hellip;\" \/>\n<meta property=\"og:url\" content=\"https:\/\/www.pack-verde.com\/blog\/at\/impressum\/\" \/>\n<meta property=\"og:site_name\" content=\"packVerde\" \/>\n<meta property=\"article:publisher\" content=\"https:\/\/www.facebook.com\/packVerdeVerpackungen\" \/>\n<meta property=\"article:modified_time\" content=\"2024-04-08T08:56:37+00:00\" \/>\n<meta name=\"twitter:card\" content=\"summary_large_image\" \/>\n<meta name=\"twitter:label1\" content=\"Gesch\u00e4tzte Lesezeit\" \/>\n\t<meta name=\"twitter:data1\" content=\"1 Minute\" \/>\n<script type=\"application\/ld+json\" class=\"yoast-schema-graph\">{\"@context\":\"https:\\\/\\\/schema.org\",\"@graph\":[{\"@type\":\"WebPage\",\"@id\":\"https:\\\/\\\/www.pack-verde.com\\\/blog\\\/at\\\/impressum\\\/\",\"url\":\"https:\\\/\\\/www.pack-verde.com\\\/blog\\\/at\\\/impressum\\\/\",\"name\":\"Impressum - packVerde\",\"isPartOf\":{\"@id\":\"https:\\\/\\\/www.pack-verde.com\\\/blog\\\/de\\\/#website\"},\"datePublished\":\"2019-11-18T10:21:00+00:00\",\"dateModified\":\"2024-04-08T08:56:37+00:00\",\"breadcrumb\":{\"@id\":\"https:\\\/\\\/www.pack-verde.com\\\/blog\\\/at\\\/impressum\\\/#breadcrumb\"},\"inLanguage\":\"de-AT\",\"potentialAction\":[{\"@type\":\"ReadAction\",\"target\":[\"https:\\\/\\\/www.pack-verde.com\\\/blog\\\/at\\\/impressum\\\/\"]}]},{\"@type\":\"BreadcrumbList\",\"@id\":\"https:\\\/\\\/www.pack-verde.com\\\/blog\\\/at\\\/impressum\\\/#breadcrumb\",\"itemListElement\":[{\"@type\":\"ListItem\",\"position\":1,\"name\":\"Startseite\",\"item\":\"https:\\\/\\\/www.pack-verde.com\\\/blog\\\/at\\\/\"},{\"@type\":\"ListItem\",\"position\":2,\"name\":\"Impressum\"}]},{\"@type\":\"WebSite\",\"@id\":\"https:\\\/\\\/www.pack-verde.com\\\/blog\\\/de\\\/#website\",\"url\":\"https:\\\/\\\/www.pack-verde.com\\\/blog\\\/de\\\/\",\"name\":\"packVerde\",\"description\":\"achtsam verpackt\",\"publisher\":{\"@id\":\"https:\\\/\\\/www.pack-verde.com\\\/blog\\\/de\\\/#organization\"},\"potentialAction\":[{\"@type\":\"SearchAction\",\"target\":{\"@type\":\"EntryPoint\",\"urlTemplate\":\"https:\\\/\\\/www.pack-verde.com\\\/blog\\\/de\\\/?s={search_term_string}\"},\"query-input\":{\"@type\":\"PropertyValueSpecification\",\"valueRequired\":true,\"valueName\":\"search_term_string\"}}],\"inLanguage\":\"de-AT\"},{\"@type\":\"Organization\",\"@id\":\"https:\\\/\\\/www.pack-verde.com\\\/blog\\\/de\\\/#organization\",\"name\":\"packVerde Blog\",\"url\":\"https:\\\/\\\/www.pack-verde.com\\\/blog\\\/de\\\/\",\"logo\":{\"@type\":\"ImageObject\",\"inLanguage\":\"de-AT\",\"@id\":\"https:\\\/\\\/www.pack-verde.com\\\/blog\\\/de\\\/#\\\/schema\\\/logo\\\/image\\\/\",\"url\":\"https:\\\/\\\/www.pack-verde.com\\\/blog\\\/wp-content\\\/uploads\\\/2021\\\/03\\\/packVerde-logo-150w.png\",\"contentUrl\":\"https:\\\/\\\/www.pack-verde.com\\\/blog\\\/wp-content\\\/uploads\\\/2021\\\/03\\\/packVerde-logo-150w.png\",\"width\":150,\"height\":90,\"caption\":\"packVerde Blog\"},\"image\":{\"@id\":\"https:\\\/\\\/www.pack-verde.com\\\/blog\\\/de\\\/#\\\/schema\\\/logo\\\/image\\\/\"},\"sameAs\":[\"https:\\\/\\\/www.facebook.com\\\/packVerdeVerpackungen\",\"https:\\\/\\\/www.linkedin.com\\\/company\\\/packverde\\\/\"]}]}<\/script>\n<!-- \/ Yoast SEO plugin. -->","yoast_head_json":{"title":"Impressum - packVerde","robots":{"index":"index","follow":"follow","max-snippet":"max-snippet:-1","max-image-preview":"max-image-preview:large","max-video-preview":"max-video-preview:-1"},"canonical":"https:\/\/www.pack-verde.com\/blog\/at\/impressum\/","og_locale":"de_DE","og_type":"article","og_title":"Impressum - packVerde","og_description":"[vc_row][vc_column][vc_column_text] Offenlegung gem\u00e4\u00df ECG \u2013 packVerde Anschrift packVerde ein Gesch\u00e4ftsbereich der\u00a0MEDEWO GmbHVertretungsberechtigt: Michael Villiger Gewerbepark Mauer 264702 Wallern\u00d6sterreich Kontakt E-Mail:\u00a0office@pack-verde.comInternet:\u00a0www.pack-verde.com Rechtliches USt-IdNr.: ATU67218049 Registergericht: Landesgericht WelsHandelsregister Registernummer: 380635 h Inhaltlich Verantwortlicher gem\u00e4\u00df \u00a7 55 Rundfunkstaatsvertrag:Michael Villiger, Wallern Infos, Datenausk\u00fcnfte und Beschwerden richten Sie bitte an:\u00a0office@pack-verde.com Die auf dieser Webseite bereitgestellten Informationen werden durch MEDEWO sorgf\u00e4ltig&hellip;","og_url":"https:\/\/www.pack-verde.com\/blog\/at\/impressum\/","og_site_name":"packVerde","article_publisher":"https:\/\/www.facebook.com\/packVerdeVerpackungen","article_modified_time":"2024-04-08T08:56:37+00:00","twitter_card":"summary_large_image","twitter_misc":{"Gesch\u00e4tzte Lesezeit":"1 Minute"},"schema":{"@context":"https:\/\/schema.org","@graph":[{"@type":"WebPage","@id":"https:\/\/www.pack-verde.com\/blog\/at\/impressum\/","url":"https:\/\/www.pack-verde.com\/blog\/at\/impressum\/","name":"Impressum - packVerde","isPartOf":{"@id":"https:\/\/www.pack-verde.com\/blog\/de\/#website"},"datePublished":"2019-11-18T10:21:00+00:00","dateModified":"2024-04-08T08:56:37+00:00","breadcrumb":{"@id":"https:\/\/www.pack-verde.com\/blog\/at\/impressum\/#breadcrumb"},"inLanguage":"de-AT","potentialAction":[{"@type":"ReadAction","target":["https:\/\/www.pack-verde.com\/blog\/at\/impressum\/"]}]},{"@type":"BreadcrumbList","@id":"https:\/\/www.pack-verde.com\/blog\/at\/impressum\/#breadcrumb","itemListElement":[{"@type":"ListItem","position":1,"name":"Startseite","item":"https:\/\/www.pack-verde.com\/blog\/at\/"},{"@type":"ListItem","position":2,"name":"Impressum"}]},{"@type":"WebSite","@id":"https:\/\/www.pack-verde.com\/blog\/de\/#website","url":"https:\/\/www.pack-verde.com\/blog\/de\/","name":"packVerde","description":"achtsam verpackt","publisher":{"@id":"https:\/\/www.pack-verde.com\/blog\/de\/#organization"},"potentialAction":[{"@type":"SearchAction","target":{"@type":"EntryPoint","urlTemplate":"https:\/\/www.pack-verde.com\/blog\/de\/?s={search_term_string}"},"query-input":{"@type":"PropertyValueSpecification","valueRequired":true,"valueName":"search_term_string"}}],"inLanguage":"de-AT"},{"@type":"Organization","@id":"https:\/\/www.pack-verde.com\/blog\/de\/#organization","name":"packVerde Blog","url":"https:\/\/www.pack-verde.com\/blog\/de\/","logo":{"@type":"ImageObject","inLanguage":"de-AT","@id":"https:\/\/www.pack-verde.com\/blog\/de\/#\/schema\/logo\/image\/","url":"https:\/\/www.pack-verde.com\/blog\/wp-content\/uploads\/2021\/03\/packVerde-logo-150w.png","contentUrl":"https:\/\/www.pack-verde.com\/blog\/wp-content\/uploads\/2021\/03\/packVerde-logo-150w.png","width":150,"height":90,"caption":"packVerde Blog"},"image":{"@id":"https:\/\/www.pack-verde.com\/blog\/de\/#\/schema\/logo\/image\/"},"sameAs":["https:\/\/www.facebook.com\/packVerdeVerpackungen","https:\/\/www.linkedin.com\/company\/packverde\/"]}]}},"_links":{"self":[{"href":"https:\/\/www.pack-verde.com\/blog\/at\/wp-json\/wp\/v2\/pages\/1173","targetHints":{"allow":["GET"]}}],"collection":[{"href":"https:\/\/www.pack-verde.com\/blog\/at\/wp-json\/wp\/v2\/pages"}],"about":[{"href":"https:\/\/www.pack-verde.com\/blog\/at\/wp-json\/wp\/v2\/types\/page"}],"author":[{"embeddable":true,"href":"https:\/\/www.pack-verde.com\/blog\/at\/wp-json\/wp\/v2\/users\/1"}],"replies":[{"embeddable":true,"href":"https:\/\/www.pack-verde.com\/blog\/at\/wp-json\/wp\/v2\/comments?post=1173"}],"version-history":[{"count":3,"href":"https:\/\/www.pack-verde.com\/blog\/at\/wp-json\/wp\/v2\/pages\/1173\/revisions"}],"predecessor-version":[{"id":18989,"href":"https:\/\/www.pack-verde.com\/blog\/at\/wp-json\/wp\/v2\/pages\/1173\/revisions\/18989"}],"wp:attachment":[{"href":"https:\/\/www.pack-verde.com\/blog\/at\/wp-json\/wp\/v2\/media?parent=1173"}],"curies":[{"name":"wp","href":"https:\/\/api.w.org\/{rel}","templated":true}]}}