{"id":16640,"date":"2021-07-13T10:48:09","date_gmt":"2021-07-13T08:48:09","guid":{"rendered":"https:\/\/www.pack-verde.com\/blog\/?page_id=16640"},"modified":"2021-07-14T08:57:44","modified_gmt":"2021-07-14T06:57:44","slug":"ueber-packverde","status":"publish","type":"page","link":"https:\/\/www.pack-verde.com\/blog\/de\/ueber-packverde\/","title":{"rendered":"\u00dcber packVerde"},"content":{"rendered":"<div class=\"wpb-content-wrapper\"><p>[vc_row][vc_column width=&#8220;1\/2&#8243;][vc_column_text]<\/p>\n<h2>\u00dcber packVerde<\/h2>\n<p class=\"has-text-align-left\">Wir senken mit kompetenter Beratung das Verpackungsvolumen und ersetzen herk\u00f6mmliche Verpackungen durch <strong>nachhaltige Verpackungen<\/strong>. Wir kennen die Wirkungen von Verpackungen auf unser \u00f6kologisches System und wir wissen, dass Verpackungen in unserer Welt gebraucht werden. <strong>Wir sind Pioniere, Quer- und Nachdenker f\u00fcr eine neue nachhaltige Verpackungswelt.<\/strong><\/p>\n<p>Unsere Kunden erhalten nachhaltige Verpackungsl\u00f6sungen, bei vollem Funktionsumfang. Sie sparen Verpackungsmaterial ein, schonen Ressourcen und setzen sich so f\u00fcr eine lebenswerte Welt von Morgen ein.<\/p>\n<p>Wir bieten funktionierende und sichere Verpackungsl\u00f6sungen<br \/>\nmit gutem Umwelt-Gewissen.<\/p>\n<p><strong>packVerde \u2013 achtsam verpackt<\/strong>[\/vc_column_text][\/vc_column][vc_column width=&#8220;1\/2&#8243;][vc_single_image image=&#8220;949&#8243; img_size=&#8220;full&#8220;][\/vc_column][\/vc_row][vc_row][vc_column width=&#8220;2\/3&#8243;][vc_empty_space height=&#8220;50px&#8220;][vc_column_text]<\/p>\n<h4>Unser Beratungsansatz:<\/h4>\n<p>[\/vc_column_text]<blockquote class=\"text-big shortcode-blockquote block-style-widget\"><p>So viel Schutz und Funktion f\u00fcr Ihr Produkt wie m\u00f6glich und so wenig Verpackungsmaterial wie n\u00f6tig.<\/p>\n<\/blockquote>[vc_empty_space height=&#8220;50px&#8220;][\/vc_column][vc_column width=&#8220;1\/3&#8243;][vc_single_image image=&#8220;15047&#8243; img_size=&#8220;full&#8220; alignment=&#8220;center&#8220;][\/vc_column][\/vc_row][vc_row][vc_column width=&#8220;1\/2&#8243;][vc_single_image image=&#8220;849&#8243; img_size=&#8220;full&#8220;][\/vc_column][vc_column width=&#8220;1\/2&#8243;][vc_column_text]<\/p>\n<h4>Lassen Sie uns gemeinsam besprechen<\/h4>\n<ul id=\"block-8e2953f5-fdef-426f-a0d5-497bff609022\">\n<li>welches nachhaltige Verpackungsmaterial daf\u00fcr geeignet ist, Ihre Speisen und Getr\u00e4nke \u2013 passend zur Anwendung \u2013 zu sch\u00fctzen, transportieren oder pr\u00e4sentieren.<\/li>\n<li>wie wir gegebenenfalls das ben\u00f6tigte Verpackungsmaterial verringern oder reduzieren k\u00f6nnen.<\/li>\n<li>ob sich individuelle L\u00f6sungen noch besser daf\u00fcr eignen, Ihre Verpackung nachhaltiger bzw. ressourcenschonender zu machen.<\/li>\n<\/ul>\n<p>&nbsp;<\/p>\n<div class=\"wp-block-buttons\">\n<div class=\"wp-block-button is-style-default\"><a class=\"wp-block-button__link has-text-color has-background\" href=\"https:\/\/www.pack-verde.com\/blog\/de\/kontakt\/\">Jetzt Beratung vereinbaren<\/a><\/div>\n<\/div>\n<p>[\/vc_column_text][\/vc_column][\/vc_row][vc_row][vc_column][vc_empty_space height=&#8220;50px&#8220;][\/vc_column][\/vc_row][vc_row][vc_column width=&#8220;1\/2&#8243;][vc_column_text]Gerne bringen wir Ihnen unseren Ansatz in einem<strong> pers\u00f6nlichen Gespr\u00e4ch<\/strong> n\u00e4her! Wir freuen uns auf Ihre Nachricht.<\/p>\n<p><strong>C\u00e9line K\u00fcndgen<\/strong><br \/>\n<a href=\"mailto:office@pack-verde.com\">office@pack-verde.com<\/a>[\/vc_column_text][\/vc_column][vc_column width=&#8220;1\/2&#8243;][vc_single_image image=&#8220;16660&#8243; img_size=&#8220;full&#8220;][\/vc_column][\/vc_row]<\/p>\n<\/div>","protected":false},"excerpt":{"rendered":"<p>[vc_row][vc_column width=&#8220;1\/2&#8243;][vc_column_text] \u00dcber packVerde Wir senken mit kompetenter Beratung das Verpackungsvolumen und ersetzen herk\u00f6mmliche Verpackungen durch nachhaltige Verpackungen. Wir kennen die Wirkungen von Verpackungen auf unser \u00f6kologisches System und wir wissen, dass Verpackungen in unserer Welt gebraucht werden. Wir sind Pioniere, Quer- und Nachdenker f\u00fcr eine neue nachhaltige Verpackungswelt. Unsere Kunden erhalten nachhaltige Verpackungsl\u00f6sungen, bei&hellip;<\/p>\n","protected":false},"author":6,"featured_media":0,"parent":0,"menu_order":0,"comment_status":"closed","ping_status":"closed","template":"","meta":{"footnotes":""},"class_list":["post-16640","page","type-page","status-publish","hentry","description-off"],"yoast_head":"<!-- This site is optimized with the Yoast SEO plugin v27.3 - https:\/\/yoast.com\/product\/yoast-seo-wordpress\/ -->\n<title>\u00dcber packVerde \u2022 wer wir sind \u2022 was wir machen - packVerde<\/title>\n<meta name=\"description\" content=\"PackVerde, das Startup f\u00fcr nachhaltige Verpackungsl\u00f6sungen \u2022 Wir \u00fcber uns, unsere Vision, was wir machen \u2022 Ressourcenschonende Verpackungen\" \/>\n<meta name=\"robots\" content=\"index, follow, max-snippet:-1, max-image-preview:large, max-video-preview:-1\" \/>\n<link rel=\"canonical\" href=\"https:\/\/www.pack-verde.com\/blog\/de\/ueber-packverde\/\" \/>\n<meta property=\"og:locale\" content=\"de_DE\" \/>\n<meta property=\"og:type\" content=\"article\" \/>\n<meta property=\"og:title\" content=\"\u00dcber packVerde \u2022 wer wir sind \u2022 was wir machen - packVerde\" \/>\n<meta property=\"og:description\" content=\"PackVerde, das Startup f\u00fcr nachhaltige Verpackungsl\u00f6sungen \u2022 Wir \u00fcber uns, unsere Vision, was wir machen \u2022 Ressourcenschonende Verpackungen\" \/>\n<meta property=\"og:url\" content=\"https:\/\/www.pack-verde.com\/blog\/de\/ueber-packverde\/\" \/>\n<meta property=\"og:site_name\" content=\"packVerde\" \/>\n<meta property=\"article:publisher\" content=\"https:\/\/www.facebook.com\/packVerdeVerpackungen\" \/>\n<meta property=\"article:modified_time\" content=\"2021-07-14T06:57:44+00:00\" \/>\n<meta name=\"twitter:card\" content=\"summary_large_image\" \/>\n<meta name=\"twitter:label1\" content=\"Gesch\u00e4tzte Lesezeit\" \/>\n\t<meta name=\"twitter:data1\" content=\"1\u00a0Minute\" \/>\n<script type=\"application\/ld+json\" class=\"yoast-schema-graph\">{\"@context\":\"https:\\\/\\\/schema.org\",\"@graph\":[{\"@type\":\"WebPage\",\"@id\":\"https:\\\/\\\/www.pack-verde.com\\\/blog\\\/de\\\/ueber-packverde\\\/\",\"url\":\"https:\\\/\\\/www.pack-verde.com\\\/blog\\\/de\\\/ueber-packverde\\\/\",\"name\":\"\u00dcber packVerde \u2022 wer wir sind \u2022 was wir machen - packVerde\",\"isPartOf\":{\"@id\":\"https:\\\/\\\/www.pack-verde.com\\\/blog\\\/de\\\/#website\"},\"datePublished\":\"2021-07-13T08:48:09+00:00\",\"dateModified\":\"2021-07-14T06:57:44+00:00\",\"description\":\"PackVerde, das Startup f\u00fcr nachhaltige Verpackungsl\u00f6sungen \u2022 Wir \u00fcber uns, unsere Vision, was wir machen \u2022 Ressourcenschonende Verpackungen\",\"breadcrumb\":{\"@id\":\"https:\\\/\\\/www.pack-verde.com\\\/blog\\\/de\\\/ueber-packverde\\\/#breadcrumb\"},\"inLanguage\":\"de\",\"potentialAction\":[{\"@type\":\"ReadAction\",\"target\":[\"https:\\\/\\\/www.pack-verde.com\\\/blog\\\/de\\\/ueber-packverde\\\/\"]}]},{\"@type\":\"BreadcrumbList\",\"@id\":\"https:\\\/\\\/www.pack-verde.com\\\/blog\\\/de\\\/ueber-packverde\\\/#breadcrumb\",\"itemListElement\":[{\"@type\":\"ListItem\",\"position\":1,\"name\":\"Startseite\",\"item\":\"https:\\\/\\\/www.pack-verde.com\\\/blog\\\/de\\\/\"},{\"@type\":\"ListItem\",\"position\":2,\"name\":\"\u00dcber packVerde\"}]},{\"@type\":\"WebSite\",\"@id\":\"https:\\\/\\\/www.pack-verde.com\\\/blog\\\/de\\\/#website\",\"url\":\"https:\\\/\\\/www.pack-verde.com\\\/blog\\\/de\\\/\",\"name\":\"packVerde\",\"description\":\"achtsam verpackt\",\"publisher\":{\"@id\":\"https:\\\/\\\/www.pack-verde.com\\\/blog\\\/de\\\/#organization\"},\"potentialAction\":[{\"@type\":\"SearchAction\",\"target\":{\"@type\":\"EntryPoint\",\"urlTemplate\":\"https:\\\/\\\/www.pack-verde.com\\\/blog\\\/de\\\/?s={search_term_string}\"},\"query-input\":{\"@type\":\"PropertyValueSpecification\",\"valueRequired\":true,\"valueName\":\"search_term_string\"}}],\"inLanguage\":\"de\"},{\"@type\":\"Organization\",\"@id\":\"https:\\\/\\\/www.pack-verde.com\\\/blog\\\/de\\\/#organization\",\"name\":\"packVerde Blog\",\"url\":\"https:\\\/\\\/www.pack-verde.com\\\/blog\\\/de\\\/\",\"logo\":{\"@type\":\"ImageObject\",\"inLanguage\":\"de\",\"@id\":\"https:\\\/\\\/www.pack-verde.com\\\/blog\\\/de\\\/#\\\/schema\\\/logo\\\/image\\\/\",\"url\":\"https:\\\/\\\/www.pack-verde.com\\\/blog\\\/wp-content\\\/uploads\\\/2021\\\/03\\\/packVerde-logo-150w.png\",\"contentUrl\":\"https:\\\/\\\/www.pack-verde.com\\\/blog\\\/wp-content\\\/uploads\\\/2021\\\/03\\\/packVerde-logo-150w.png\",\"width\":150,\"height\":90,\"caption\":\"packVerde Blog\"},\"image\":{\"@id\":\"https:\\\/\\\/www.pack-verde.com\\\/blog\\\/de\\\/#\\\/schema\\\/logo\\\/image\\\/\"},\"sameAs\":[\"https:\\\/\\\/www.facebook.com\\\/packVerdeVerpackungen\",\"https:\\\/\\\/www.linkedin.com\\\/company\\\/packverde\\\/\"]}]}<\/script>\n<!-- \/ Yoast SEO plugin. -->","yoast_head_json":{"title":"\u00dcber packVerde \u2022 wer wir sind \u2022 was wir machen - packVerde","description":"PackVerde, das Startup f\u00fcr nachhaltige Verpackungsl\u00f6sungen \u2022 Wir \u00fcber uns, unsere Vision, was wir machen \u2022 Ressourcenschonende Verpackungen","robots":{"index":"index","follow":"follow","max-snippet":"max-snippet:-1","max-image-preview":"max-image-preview:large","max-video-preview":"max-video-preview:-1"},"canonical":"https:\/\/www.pack-verde.com\/blog\/de\/ueber-packverde\/","og_locale":"de_DE","og_type":"article","og_title":"\u00dcber packVerde \u2022 wer wir sind \u2022 was wir machen - packVerde","og_description":"PackVerde, das Startup f\u00fcr nachhaltige Verpackungsl\u00f6sungen \u2022 Wir \u00fcber uns, unsere Vision, was wir machen \u2022 Ressourcenschonende Verpackungen","og_url":"https:\/\/www.pack-verde.com\/blog\/de\/ueber-packverde\/","og_site_name":"packVerde","article_publisher":"https:\/\/www.facebook.com\/packVerdeVerpackungen","article_modified_time":"2021-07-14T06:57:44+00:00","twitter_card":"summary_large_image","twitter_misc":{"Gesch\u00e4tzte Lesezeit":"1\u00a0Minute"},"schema":{"@context":"https:\/\/schema.org","@graph":[{"@type":"WebPage","@id":"https:\/\/www.pack-verde.com\/blog\/de\/ueber-packverde\/","url":"https:\/\/www.pack-verde.com\/blog\/de\/ueber-packverde\/","name":"\u00dcber packVerde \u2022 wer wir sind \u2022 was wir machen - packVerde","isPartOf":{"@id":"https:\/\/www.pack-verde.com\/blog\/de\/#website"},"datePublished":"2021-07-13T08:48:09+00:00","dateModified":"2021-07-14T06:57:44+00:00","description":"PackVerde, das Startup f\u00fcr nachhaltige Verpackungsl\u00f6sungen \u2022 Wir \u00fcber uns, unsere Vision, was wir machen \u2022 Ressourcenschonende Verpackungen","breadcrumb":{"@id":"https:\/\/www.pack-verde.com\/blog\/de\/ueber-packverde\/#breadcrumb"},"inLanguage":"de","potentialAction":[{"@type":"ReadAction","target":["https:\/\/www.pack-verde.com\/blog\/de\/ueber-packverde\/"]}]},{"@type":"BreadcrumbList","@id":"https:\/\/www.pack-verde.com\/blog\/de\/ueber-packverde\/#breadcrumb","itemListElement":[{"@type":"ListItem","position":1,"name":"Startseite","item":"https:\/\/www.pack-verde.com\/blog\/de\/"},{"@type":"ListItem","position":2,"name":"\u00dcber packVerde"}]},{"@type":"WebSite","@id":"https:\/\/www.pack-verde.com\/blog\/de\/#website","url":"https:\/\/www.pack-verde.com\/blog\/de\/","name":"packVerde","description":"achtsam verpackt","publisher":{"@id":"https:\/\/www.pack-verde.com\/blog\/de\/#organization"},"potentialAction":[{"@type":"SearchAction","target":{"@type":"EntryPoint","urlTemplate":"https:\/\/www.pack-verde.com\/blog\/de\/?s={search_term_string}"},"query-input":{"@type":"PropertyValueSpecification","valueRequired":true,"valueName":"search_term_string"}}],"inLanguage":"de"},{"@type":"Organization","@id":"https:\/\/www.pack-verde.com\/blog\/de\/#organization","name":"packVerde Blog","url":"https:\/\/www.pack-verde.com\/blog\/de\/","logo":{"@type":"ImageObject","inLanguage":"de","@id":"https:\/\/www.pack-verde.com\/blog\/de\/#\/schema\/logo\/image\/","url":"https:\/\/www.pack-verde.com\/blog\/wp-content\/uploads\/2021\/03\/packVerde-logo-150w.png","contentUrl":"https:\/\/www.pack-verde.com\/blog\/wp-content\/uploads\/2021\/03\/packVerde-logo-150w.png","width":150,"height":90,"caption":"packVerde Blog"},"image":{"@id":"https:\/\/www.pack-verde.com\/blog\/de\/#\/schema\/logo\/image\/"},"sameAs":["https:\/\/www.facebook.com\/packVerdeVerpackungen","https:\/\/www.linkedin.com\/company\/packverde\/"]}]}},"_links":{"self":[{"href":"https:\/\/www.pack-verde.com\/blog\/de\/wp-json\/wp\/v2\/pages\/16640","targetHints":{"allow":["GET"]}}],"collection":[{"href":"https:\/\/www.pack-verde.com\/blog\/de\/wp-json\/wp\/v2\/pages"}],"about":[{"href":"https:\/\/www.pack-verde.com\/blog\/de\/wp-json\/wp\/v2\/types\/page"}],"author":[{"embeddable":true,"href":"https:\/\/www.pack-verde.com\/blog\/de\/wp-json\/wp\/v2\/users\/6"}],"replies":[{"embeddable":true,"href":"https:\/\/www.pack-verde.com\/blog\/de\/wp-json\/wp\/v2\/comments?post=16640"}],"version-history":[{"count":10,"href":"https:\/\/www.pack-verde.com\/blog\/de\/wp-json\/wp\/v2\/pages\/16640\/revisions"}],"predecessor-version":[{"id":16692,"href":"https:\/\/www.pack-verde.com\/blog\/de\/wp-json\/wp\/v2\/pages\/16640\/revisions\/16692"}],"wp:attachment":[{"href":"https:\/\/www.pack-verde.com\/blog\/de\/wp-json\/wp\/v2\/media?parent=16640"}],"curies":[{"name":"wp","href":"https:\/\/api.w.org\/{rel}","templated":true}]}}